{"id":72198,"date":"2015-12-15T07:37:48","date_gmt":"2015-12-15T05:37:48","guid":{"rendered":"https:\/\/www.ercanairportparking.com\/?page_id=72198"},"modified":"2026-01-10T22:26:01","modified_gmt":"2026-01-10T20:26:01","slug":"bize-ulasin","status":"publish","type":"page","link":"https:\/\/www.ayazcarpark.com\/tr\/bize-ulasin","title":{"rendered":"Bize Ula\u015f\u0131n"},"content":{"rendered":"<div class=\"wpb-content-wrapper\"><p>[vc_row type=&#8221;container&#8221; padding_top=&#8221;&#8221; padding_bottom=&#8221;&#8221; css=&#8221;.vc_custom_1711261834353{margin-top: 15px !important;}&#8221;][vc_column][vc_cta h2=&#8221;<b>Sadece Rezervasyon ile \u00c7al\u0131\u015f\u0131yoruz!<\/b> Ana Sayfam\u0131zdan Se\u00e7ti\u011finiz Tarih Aral\u0131\u011f\u0131ndaki Fiyatlar\u0131m\u0131z\u0131 G\u00f6rebilirsiniz, Talebi G\u00f6ndermeniz Yeterlidir. m\u00fcsaitli\u011fi kontrol ettikten sonra konfirme ediyoruz. \u00d6demeyi Geldi\u011finizde Nakit veya Havale ile de Yapabilirsiniz.&#8221; txt_align=&#8221;center&#8221; style=&#8221;custom&#8221; custom_background=&#8221;#f2079c&#8221; custom_text=&#8221;#ffffff&#8221;][\/vc_cta][\/vc_column][\/vc_row][vc_row type=&#8221;container&#8221; padding_top=&#8221;&#8221; padding_bottom=&#8221;&#8221;][vc_column width=&#8221;1\/2&#8243;][vc_single_image image=&#8221;72108&#8243; img_size=&#8221;full&#8221; alignment=&#8221;center&#8221;][\/vc_column][vc_column width=&#8221;1\/2&#8243;][vc_column_text]<strong>Sorular\u0131n\u0131z \u0130\u00e7in L\u00fctfen Whatsapp&#8217;tan Mesaj G\u00f6nderiniz<\/strong><br \/>\nSoru, \u015fikayet, tavsiye veya ba\u015fka bir geri bildiriminiz varsa l\u00fctfen whatsapp arac\u0131l\u0131\u011f\u0131yla bize mesaj g\u00f6nderin, en k\u0131sa s\u00fcrede yan\u0131t verece\u011fiz.[\/vc_column_text][vc_btn title=&#8221;<b>Whatsapp Mesaj Hatt\u0131<\/b>&#8221; color=&#8221;warning&#8221; size=&#8221;lg&#8221; align=&#8221;left&#8221; i_icon_fontawesome=&#8221;fa fa-solid fa-angles-right&#8221; css=&#8221;&#8221; button_block=&#8221;true&#8221; add_icon=&#8221;true&#8221; link=&#8221;url:https%3A%2F%2Fwa.me%2F905338882929|title:Ayaz%20Park%20Whatsapp&#8221;][vc_btn title=&#8221;<b>S\u0131k\u00e7a Sorulanlara Cevaplar\u0131m\u0131z i\u00e7in T\u0131klay\u0131n<\/b>&#8221; color=&#8221;info&#8221; size=&#8221;lg&#8221; align=&#8221;left&#8221; i_icon_fontawesome=&#8221;fa fa-solid fa-angles-right&#8221; css=&#8221;&#8221; button_block=&#8221;true&#8221; add_icon=&#8221;true&#8221; link=&#8221;url:https%3A%2F%2Fwww.ayazcarpark.com%2Ftr%2Fsikca-sorulan-sorular|title:s%C4%B1k%C3%A7a%20sorulan%20sorular&#8221;][vc_column_text css=&#8221;&#8221;]<\/p>\n<h4 class=\"no_stripe\">Adres Bilgileri<\/h4>\n<div class=\"text\">Ecevit Caddesi, No:48<\/div>\n<div class=\"text\">Ercan Havaliman\u0131 Yolu \u00dczeri &#8211; Bal\u0131kesir \/ Lefko\u015fa<\/div>\n<p>[\/vc_column_text][\/vc_column][\/vc_row][vc_row full_width=&#8221;stretch_row&#8221; type=&#8221;container&#8221; padding_top=&#8221;&#8221; padding_bottom=&#8221;&#8221; el_class=&#8221;third_bg_color&#8221;][vc_column][vc_btn title=&#8221;Otopark \u00dccretlerimizi G\u00f6rmek i\u00e7in T\u0131klay\u0131n&#8221; color=&#8221;danger&#8221; size=&#8221;lg&#8221; align=&#8221;right&#8221; i_align=&#8221;right&#8221; i_icon_fontawesome=&#8221;fas fa-angle-double-right&#8221; button_block=&#8221;true&#8221; add_icon=&#8221;true&#8221; link=&#8221;url:https%3A%2F%2Fwww.ayazcarpark.com%2Ftr%2Fotopark-ucretlerimiz|title:Otopark%20%C3%BCcretleri&#8221;][vc_btn title=&#8221;Otopark Konumu ve Resimleri i\u00e7in T\u0131klay\u0131n&#8221; color=&#8221;purple&#8221; size=&#8221;lg&#8221; align=&#8221;right&#8221; i_align=&#8221;right&#8221; i_icon_fontawesome=&#8221;fas fa-angle-double-right&#8221; button_block=&#8221;true&#8221; add_icon=&#8221;true&#8221; link=&#8221;url:https%3A%2F%2Fwww.ayazcarpark.com%2Ftr%2Fotopark-konumu-resimleri|title:Otopark%20Konumu%20ve%20Resimleri&#8221;][\/vc_column][\/vc_row][vc_row type=&#8221;container&#8221; padding_top=&#8221;&#8221; padding_bottom=&#8221;&#8221;][vc_column width=&#8221;1\/2&#8243;][vc_video link=&#8221;https:\/\/youtu.be\/gFP_hmM_bX4&#8243;][\/vc_column][vc_column width=&#8221;1\/2&#8243;][vc_gmaps link=&#8221;#E-8_JTNDaWZyYW1lJTIwc3JjJTNEJTIyaHR0cHMlM0ElMkYlMkZ3d3cuZ29vZ2xlLmNvbSUyRm1hcHMlMkZlbWJlZCUzRnBiJTNEJTIxMW0xOCUyMTFtMTIlMjExbTMlMjExZDI2MDg3Ljk1OTc4NjI4MDc5MyUyMTJkMzMuNDc5NTA2MjE4MTQxMDI2JTIxM2QzNS4xODE2Nzc4MzI0NjkyNiUyMTJtMyUyMTFmMCUyMTJmMCUyMTNmMCUyMTNtMiUyMTFpMTAyNCUyMTJpNzY4JTIxNGYxMy4xJTIxM20zJTIxMW0yJTIxMXMweDE0ZGUzZmM3ZGY2NzhjMDElMjUzQTB4OWZjN2UyZDNkMDJkNTk3ZiUyMTJzQXlheiUyNTIwRXJjYW4lMjUyMEFpcnBvcnQlMjUyMFBhcmtpbmclMjE1ZTAlMjEzbTIlMjExc3RyJTIxMnN1ayUyMTR2MTY5MTAzOTgwNjQ0NCUyMTVtMiUyMTFzdHIlMjEyc3VrJTIyJTIwd2lkdGglM0QlMjI2MDAlMjIlMjBoZWlnaHQlM0QlMjI1MDAlMjIlMjBzdHlsZSUzRCUyMmJvcmRlciUzQTAlM0IlMjIlMjBhbGxvd2Z1bGxzY3JlZW4lM0QlMjIlMjIlMjBsb2FkaW5nJTNEJTIybGF6eSUyMiUyMHJlZmVycmVycG9saWN5JTNEJTIybm8tcmVmZXJyZXItd2hlbi1kb3duZ3JhZGUlMjIlM0UlM0MlMkZpZnJhbWUlM0U=&#8221; size=&#8221;250px&#8221; css=&#8221;.vc_custom_1708417502737{margin-top: -30px !important;}&#8221; title=&#8221;Otopark Konumu&#8221;][\/vc_column][\/vc_row][vc_row full_width=&#8221;stretch_row&#8221; type=&#8221;container&#8221; padding_top=&#8221;&#8221; padding_bottom=&#8221;&#8221; el_class=&#8221;third_bg_color&#8221;][vc_column][vc_column_text]<\/p>\n<h3>Nas\u0131l \u00c7al\u0131\u015f\u0131yoruz?<\/h3>\n<p>Havaalan\u0131 otopark\u0131n\u0131 3 basit ad\u0131mla sizin i\u00e7in kolayla\u015ft\u0131rmaktan gurur duyuyoruz. Rezervasyon yapmak, park etmek ve u\u00e7mak. Geri kalan\u0131yla biz ilgilenece\u011fiz.<\/p>\n<p>Rezervasyonunuzu ald\u0131ktan sonra, u\u00e7u\u015f g\u00fcn\u00fc otopark\u0131m\u0131za geli\u015finizi bekleyece\u011fiz. K\u0131sa veya uzun s\u00fcreli otoparka park etmeniz yeterli. D\u00f6n\u00fc\u015f\u00fcn\u00fczde anahtar\u0131n\u0131zla birlikte yolunuza \u00e7\u0131kacaks\u0131n\u0131z. Bu kadar basit.<\/p>\n<p>Bu arada arac\u0131n\u0131z\u0131n g\u00fcvenli ve emniyetli bir park alan\u0131na park edilmesini sa\u011flayaca\u011f\u0131z. Otopark\u0131m\u0131z\u0131 7\/24 g\u00fcvenlik kameralar\u0131 ile kay\u0131t alt\u0131nda tutuyoruz.[\/vc_column_text][vc_column_text]<div class=\"carrental-custom-theme\">\r\n<div class=\"column column-fluid our-locations\">\r\n\t\t\t\t\t\t\r\n\t\t\t\t<div class=\"bordered-content\">\r\n\t\t\t\t\t\r\n\t\t\t\t\t<div class=\"bordered-content-title\">\r\n\t\t\t\t\t\tOtopark Detaylar\u0131\t\t\t\t\t<\/div>\r\n\t\t\t\t\t<!-- .bordered-content-title -->\r\n\t\t\t\r\n\t\t\t\r\n\t\t\t\t\t\t\t\t\t\t\t\t\t\t\t\t<div class=\"list-item list-item-branch-dail box box-white box-inner\">\r\n\t\t\r\n\t\t\t\t\t\t<div class=\"list-item-content\" style=\"margin-right:0;padding-right:0;\">\r\n\t\t\t\t\t\t\t<div class=\"columns-3\">\r\n\t\t\t\t\t\t\t\t<div class=\"column column-thin\" style=\"width:35%;\">\r\n\t\t\t\t\t\t\t\t\t<div class=\"h5\">Adres:<\/div>\r\n\t\t\t\t\t\t\t\t\t\r\n\t\t\t\t\t\t\t\t\t<address>\r\n\t\t\t\t\t\t\t\t\t\t\ud83c\udd7f\ufe0f Ercan Havaliman\u0131 D\u0131\u015f\u0131<br>\r\n\t\t\t\t\t\t\t\t\t\t\t\t\t\t\t\t\t\t\t\tEcevit Cad, No:48 Bal\u0131kesir<br>\t\t\t\t\t\t\t\t\t\tLefko\u015fa, \t\t\t\t\t\t\t\t\t\t\t\t\t\t\t\t\t\t\t\tCyprus\t\t\t\t\t\t\t\t\t\t&nbsp;Ercan Havaliman\u0131 Yolu\t\t\t\t\t\t\t\t\t<\/address>\r\n\t\t\t\t\t\t\t\t\t\t\t\t\t\t\t\t\t\t\t\t\t\t\t\t\t\t\t\t<a rel=\"lightbox nofollow noopener\" href=\"https:\/\/www.ercanairportparking.com\/wp-content\/uploads\/otopark.jpg\" style=\"margin: 5px;\" target=\"_blank\"><img decoding=\"async\" src=\"https:\/\/www.ercanairportparking.com\/wp-content\/uploads\/otopark.jpg\" width=\"300\" alt=\"\" title=\"\"><\/a>\r\n\t\t\t\t\t\t\t\t\t\t\t\t\t\t\t\t\t\t\r\n\t\t\t\t\t\t\t\t<\/div>\r\n\t\t\r\n\t\t\t\t\t\t\t\t<div class=\"column column-wide\" style=\"width:30%;\">\r\n\t\t\t\t\t\t\t\t\t<div class=\"h5\">Otopark Servis Saatleri:<\/div>\r\n\t\t\t\t\t\t\t\t\t\r\n\t\t\t\t\t\t\t\t\t\t\t\t\t\t\t\t\t\t\t\t\t\t\t\t\t\t\t\t\t\t<dl class=\"dl-boxed\">\r\n\t\t\t\t\t\t\t\t\t\t\t\t<dt>Pazartesi<\/dt>\r\n\t\t\t\t\t\t\t\t\t\t\t\t<dd>06:30 - 21:30\t\t\t\t\t\t\t\t\t\t\t\t\t\t\t\t\t\t\t\t\t\t\t\t<\/dd>\r\n\t\t\t\t\t\t\t\t\t\t\t<\/dl>\r\n\t\t\t\t\t\t\t\t\t\t\t\t\t\t\t\t\t\t\t\t\t<dl class=\"dl-boxed\">\r\n\t\t\t\t\t\t\t\t\t\t\t\t<dt>Sal\u0131<\/dt>\r\n\t\t\t\t\t\t\t\t\t\t\t\t<dd>06:30 - 21:30\t\t\t\t\t\t\t\t\t\t\t\t\t\t\t\t\t\t\t\t\t\t\t\t<\/dd>\r\n\t\t\t\t\t\t\t\t\t\t\t<\/dl>\r\n\t\t\t\t\t\t\t\t\t\t\t\t\t\t\t\t\t\t\t\t\t<dl class=\"dl-boxed\">\r\n\t\t\t\t\t\t\t\t\t\t\t\t<dt>\u00c7ar\u015famba<\/dt>\r\n\t\t\t\t\t\t\t\t\t\t\t\t<dd>06:30 - 21:30\t\t\t\t\t\t\t\t\t\t\t\t\t\t\t\t\t\t\t\t\t\t\t\t<\/dd>\r\n\t\t\t\t\t\t\t\t\t\t\t<\/dl>\r\n\t\t\t\t\t\t\t\t\t\t\t\t\t\t\t\t\t\t\t\t\t<dl class=\"dl-boxed\">\r\n\t\t\t\t\t\t\t\t\t\t\t\t<dt>Per\u015fembe<\/dt>\r\n\t\t\t\t\t\t\t\t\t\t\t\t<dd>06:30 - 21:30\t\t\t\t\t\t\t\t\t\t\t\t\t\t\t\t\t\t\t\t\t\t\t\t<\/dd>\r\n\t\t\t\t\t\t\t\t\t\t\t<\/dl>\r\n\t\t\t\t\t\t\t\t\t\t\t\t\t\t\t\t\t\t\t\t\t<dl class=\"dl-boxed\">\r\n\t\t\t\t\t\t\t\t\t\t\t\t<dt>Cuma<\/dt>\r\n\t\t\t\t\t\t\t\t\t\t\t\t<dd>06:30 - 21:30\t\t\t\t\t\t\t\t\t\t\t\t\t\t\t\t\t\t\t\t\t\t\t\t<\/dd>\r\n\t\t\t\t\t\t\t\t\t\t\t<\/dl>\r\n\t\t\t\t\t\t\t\t\t\t\t\t\t\t\t\t\t\t\t\t\t<dl class=\"dl-boxed\">\r\n\t\t\t\t\t\t\t\t\t\t\t\t<dt>Cumartesi<\/dt>\r\n\t\t\t\t\t\t\t\t\t\t\t\t<dd>06:30 - 21:30\t\t\t\t\t\t\t\t\t\t\t\t\t\t\t\t\t\t\t\t\t\t\t\t<\/dd>\r\n\t\t\t\t\t\t\t\t\t\t\t<\/dl>\r\n\t\t\t\t\t\t\t\t\t\t\t\t\t\t\t\t\t\t\t\t\t<dl class=\"dl-boxed\">\r\n\t\t\t\t\t\t\t\t\t\t\t\t<dt>Pazar<\/dt>\r\n\t\t\t\t\t\t\t\t\t\t\t\t<dd>06:30 - 21:30\t\t\t\t\t\t\t\t\t\t\t\t\t\t\t\t\t\t\t\t\t\t\t\t<\/dd>\r\n\t\t\t\t\t\t\t\t\t\t\t<\/dl>\r\n\t\t\t\t\t\t\t\t\t\t\t\t\t\t\t\t\t\t\t\t\t\t\t\t\t\t\t<\/div>\r\n\t\t\t\t\t\t\t\t\r\n\t\t\t\t\t\t\t\t\t\t\t\t\t\t\t\t\t\t\t\t\t\t\t\t\t<div class=\"column col-mar-left\" style=\"width:30%;margin-left:20px;\">\r\n\t\t\t\t\t\t\t\t\t\t<div class=\"h5\">Harita Konumu:<\/div>\r\n\t\t\t\t\t\t\t\t\t\t<!-- <iframe width=\"100%\" height=\"300\" frameborder=\"0\" style=\"border:0\" src=\"https:\/\/www.google.com\/maps\/embed\/v1\/place?q=35.204452%2C33.496658&key=AIzaSyDaDTWc28BaKdqb6PgHB7S2R9tX7sICFmo\"><\/iframe> -->\r\n\t\t\t\t\t\t\t\t\t\t<iframe src=\"https:\/\/www.google.com\/maps\/embed?pb=!1m18!1m12!1m3!1d26087.959786280793!2d33.479506218141026!3d35.18167783246926!2m3!1f0!2f0!3f0!3m2!1i1024!2i768!4f13.1!3m3!1m2!1s0x14de3fc7df678c01%3A0x9fc7e2d3d02d597f!2sAyaz%20Ercan%20Airport%20Parking!5e0!3m2!1str!2suk!4v1691039806444!5m2!1str!2suk\" width=\"100%\" height=\"300\" style=\"border:0;\" allowfullscreen=\"\" loading=\"lazy\" referrerpolicy=\"no-referrer-when-downgrade\"><\/iframe>\r\n\t\t\t\t\t\t\t\t\t<\/div>\r\n\t\t\t\t\t\t\t\t\t\t\t\t\t\t\t\t\r\n\t\t\t\t\t\t\t<\/div>\r\n\t\t\t\t\t\t\t\r\n\t\t\t\t\t\t\t<div class=\"columns-2\">\r\n\r\n\t\t\r\n\t\t\t\t\t\t\t\t\t\t\t\t\t\t\t<\/div>\r\n\t\t\t\t\t\t\t\r\n\t\t\t\t\t\t\t<div class=\"columns-1\">\r\n\t\t\t\t\t\t\t\t\t\t\t\t\t\t\t<\/div>\r\n\t\t\t\t\t\t<\/div>\r\n\t\t\t\t\t<\/div>\r\n\t\t\t\t\t\r\n\t\t\t\t\t\t\t\t\t\t\r\n\t\t<\/div>\r\n\t<\/div>\r\n<\/div>[\/vc_column_text][vc_btn title=&#8221;Rezervasyon Talebinizi G\u00f6ndermek i\u00e7in T\u0131klay\u0131n&#8221; color=&#8221;mulled-wine&#8221; size=&#8221;lg&#8221; align=&#8221;left&#8221; i_icon_fontawesome=&#8221;fas fa-angle-double-right&#8221; button_block=&#8221;true&#8221; add_icon=&#8221;true&#8221; link=&#8221;url:https%3A%2F%2Fwww.ayazcarpark.com%2Ftr|title:ercan%20havaliman%C4%B1%20otopark&#8221;][\/vc_column][\/vc_row]<\/p>\n<\/div>","protected":false},"excerpt":{"rendered":"<p>[vc_row type=&#8221;container&#8221; padding_top=&#8221;&#8221; padding_bottom=&#8221;&#8221; css=&#8221;.vc_custom_1711261834353{margin-top: 15px !important;}&#8221;][vc_column][vc_cta h2=&#8221;Sadece Rezervasyon ile \u00c7al\u0131\u015f\u0131yoruz! Ana Sayfam\u0131zdan Se\u00e7ti\u011finiz Tarih Aral\u0131\u011f\u0131ndaki Fiyatlar\u0131m\u0131z\u0131 G\u00f6rebilirsiniz, Talebi G\u00f6ndermeniz Yeterlidir. m\u00fcsaitli\u011fi kontrol ettikten sonra konfirme ediyoruz. \u00d6demeyi Geldi\u011finizde Nakit veya Havale ile de Yapabilirsiniz.&#8221; txt_align=&#8221;center&#8221; style=&#8221;custom&#8221; custom_background=&#8221;#f2079c&#8221; custom_text=&#8221;#ffffff&#8221;][\/vc_cta][\/vc_column][\/vc_row][vc_row type=&#8221;container&#8221; padding_top=&#8221;&#8221; padding_bottom=&#8221;&#8221;][vc_column width=&#8221;1\/2&#8243;][vc_single_image image=&#8221;72108&#8243; img_size=&#8221;full&#8221; alignment=&#8221;center&#8221;][\/vc_column][vc_column width=&#8221;1\/2&#8243;][vc_column_text]Sorular\u0131n\u0131z \u0130\u00e7in L\u00fctfen Whatsapp&#8217;tan Mesaj G\u00f6nderiniz Soru, \u015fikayet, tavsiye [&hellip;]<\/p>\n","protected":false},"author":1,"featured_media":72108,"parent":0,"menu_order":0,"comment_status":"closed","ping_status":"closed","template":"page-full-width.php","meta":{"_acf_changed":false,"footnotes":""},"class_list":["post-72198","page","type-page","status-publish","has-post-thumbnail","hentry"],"acf":[],"_links":{"self":[{"href":"https:\/\/www.ayazcarpark.com\/tr\/wp-json\/wp\/v2\/pages\/72198","targetHints":{"allow":["GET"]}}],"collection":[{"href":"https:\/\/www.ayazcarpark.com\/tr\/wp-json\/wp\/v2\/pages"}],"about":[{"href":"https:\/\/www.ayazcarpark.com\/tr\/wp-json\/wp\/v2\/types\/page"}],"author":[{"embeddable":true,"href":"https:\/\/www.ayazcarpark.com\/tr\/wp-json\/wp\/v2\/users\/1"}],"replies":[{"embeddable":true,"href":"https:\/\/www.ayazcarpark.com\/tr\/wp-json\/wp\/v2\/comments?post=72198"}],"version-history":[{"count":9,"href":"https:\/\/www.ayazcarpark.com\/tr\/wp-json\/wp\/v2\/pages\/72198\/revisions"}],"predecessor-version":[{"id":72640,"href":"https:\/\/www.ayazcarpark.com\/tr\/wp-json\/wp\/v2\/pages\/72198\/revisions\/72640"}],"wp:featuredmedia":[{"embeddable":true,"href":"https:\/\/www.ayazcarpark.com\/tr\/wp-json\/wp\/v2\/media\/72108"}],"wp:attachment":[{"href":"https:\/\/www.ayazcarpark.com\/tr\/wp-json\/wp\/v2\/media?parent=72198"}],"curies":[{"name":"wp","href":"https:\/\/api.w.org\/{rel}","templated":true}]}}