{"id":72219,"date":"2020-02-01T08:27:52","date_gmt":"2020-02-01T06:27:52","guid":{"rendered":"https:\/\/www.ercanairportparking.com\/?page_id=72219"},"modified":"2025-02-26T13:29:31","modified_gmt":"2025-02-26T11:29:31","slug":"otopark-ucretlerimiz","status":"publish","type":"page","link":"https:\/\/www.ayazcarpark.com\/tr\/otopark-ucretlerimiz","title":{"rendered":"Otopark \u00dccretlerimiz"},"content":{"rendered":"<div class=\"wpb-content-wrapper\"><p>[vc_row type=&#8221;container&#8221; padding_top=&#8221;&#8221; padding_bottom=&#8221;&#8221;][vc_column][vc_custom_heading text=&#8221;Havaliman\u0131 D\u0131\u015f\u0131 \u00d6zel Otopark \u00dccretleri&#8221; use_theme_fonts=&#8221;yes&#8221;][vc_column_text css=&#8221;.vc_custom_1708073117746{margin-bottom: 25px !important;}&#8221;]<strong>Ercan havaliman\u0131 otopark \u00fccretlerimiz<\/strong> olduk\u00e7a ekonomiktir ve amac\u0131m\u0131z ekonomik fiyatlarla park etmenizi kolayla\u015ft\u0131rmakt\u0131r. A\u00e7\u0131k hava alan\u0131 ve ara\u00e7 \u00f6rt\u00fcs\u00fc se\u00e7eneklerimizden, k\u0131sa veya uzun s\u00fcreli otopark ihtiyac\u0131n\u0131zda veya park edip h\u0131zl\u0131 shuttle hizmetimiz ile havaliman\u0131na transfer yap\u0131yoruz.[\/vc_column_text][vc_cta h2=&#8221;&#8221; txt_align=&#8221;center&#8221; style=&#8221;custom&#8221; custom_background=&#8221;#dd3333&#8243; custom_text=&#8221;#ffffff&#8221;]<\/p>\n<h2><span style=\"color: #ffffff;\">Havaliman\u0131ndaki \u00f6deyece\u011finiz park yeri \u00fccretinden tasarruf etmek ister misiniz?<\/span><\/h2>\n<p>[\/vc_cta][vc_column_text css=&#8221;.vc_custom_1708153372600{margin-bottom: 34px !important;}&#8221;]<h2 id=\"tablepress-3-name\" class=\"tablepress-table-name tablepress-table-name-id-3\">Uzun S\u00fcreli Ara\u00e7 Park i\u00e7in Havaliman\u0131 D\u0131\u015f\u0131 Park &amp; Transfer Otopark\u0131y\u0131z. <br>Ekonomik Fiyatlar\u0131m\u0131z Euro (\u20ac) Olarak Verilmektedir.<\/h2>\n\n<table id=\"tablepress-3\" class=\"tablepress tablepress-id-3\" aria-labelledby=\"tablepress-3-name\" aria-describedby=\"tablepress-3-description\">\n<thead>\n<tr class=\"row-1\">\n\t<th class=\"column-1\">Park<br \/>\nT\u00fcr\u00fc<\/th><th class=\"column-2\">Park &amp; Transfer<br \/>\n14 G\u00fcne Kadar<\/th><th class=\"column-3\">Park &amp; Transfer<br \/>\n15 G\u00fcn ve \u00dczeri<\/th><th class=\"column-4\">Park &amp; Transfer<br \/>\nMinimum \u00dccret (x5)<\/th><th class=\"column-5\">Park &amp; Transfer<br \/>\nAyl\u0131k \u00dccret (x25)<\/th>\n<\/tr>\n<\/thead>\n<tbody class=\"row-striping row-hover\">\n<tr class=\"row-2\">\n\t<td class=\"column-1\">A\u00e7\u0131k Alanda<br \/>\nPark<\/td><td class=\"column-2\">\u20ac8<br \/>\nG\u00fcnl\u00fck<\/td><td class=\"column-3\">\u20ac7<br \/>\nG\u00fcnl\u00fck<\/td><td class=\"column-4\">\u20ac40<br \/>\nMin. Toplam<\/td><td class=\"column-5\">\u20ac175<br \/>\nAyl\u0131k<\/td>\n<\/tr>\n<tr class=\"row-3\">\n\t<td class=\"column-1\">Ara\u00e7 \u00d6rt\u00fcs\u00fc ile<br \/>\nPark<\/td><td class=\"column-2\">\u20ac9<br \/>\nG\u00fcnl\u00fck<\/td><td class=\"column-3\">\u20ac8<br \/>\nG\u00fcnl\u00fck<\/td><td class=\"column-4\">\u20ac45<br \/>\nMin. Toplam<\/td><td class=\"column-5\">\u20ac200<br \/>\nAyl\u0131k<\/td>\n<\/tr>\n<tr class=\"row-4\">\n\t<td class=\"column-1\">Kapal\u0131 Garaj<br \/>\nPark<\/td><td class=\"column-2\">\u20ac20<br \/>\nG\u00fcnl\u00fck<\/td><td class=\"column-3\">\u20ac18<br \/>\nG\u00fcnl\u00fck<\/td><td class=\"column-4\">\u20ac100<br \/>\nMin. Toplam<\/td><td class=\"column-5\">\u20ac450<br \/>\nAyl\u0131k<\/td>\n<\/tr>\n<\/tbody>\n<\/table>\n<span id=\"tablepress-3-description\" class=\"tablepress-table-description tablepress-table-description-id-3\"><b>Otopark\u0131m\u0131zdan Transfer ile Havaliman\u0131na Ge\u00e7i\u015f Yap\u0131ld\u0131\u011f\u0131 i\u00e7in;<\/b><br \/>\nRezervasyon sistemimiz zorunlu olarak toplam fiyata <b>15 Euro \u00e7ift y\u00f6n havaliman\u0131 servis \u00fccreti<\/b> ayr\u0131ca <b>gece 21:30 ile sabah 6:30 aras\u0131 olan gece saatlerinede y\u00f6n ba\u015f\u0131na 20 Euro ge\u00e7 saat i\u00e7in \u015f\u00f6f\u00f6r \u00fccreti<\/b> eklemektedir.<br \/>\n<br \/>\nRezervasyon ile \u00c7al\u0131\u015f\u0131yoruz ve 10 dakikada Havaliman\u0131na Shuttle Transfer Yap\u0131yoruz. <b>(Fiyat listemiz Euro olarak verilmektedir. Resmi otoparktan daha d\u00fc\u015f\u00fck ekonomik fiyatlard\u0131r.)<\/b><br \/>\nErcan havaliman\u0131 yak\u0131n\u0131nda g\u00fcvenilir \u00f6zel otopark, sekt\u00f6rdeki 10 y\u0131l\u0131 a\u015fk\u0131n tecr\u00fcbemiz ile birinci s\u0131n\u0131f hizmet ve m\u00fckemmellik sa\u011flayan, Ercan Havaliman\u0131 yak\u0131n\u0131nda \u00f6zel otopark\u0131m\u0131zd\u0131r. (Toplam tutara minimum \u00fccretler uygulan\u0131r.)<\/span>\n<!-- #tablepress-3 from cache -->[\/vc_column_text][vc_btn title=&#8221;Rezervasyon Talebi G\u00f6ndermek i\u00e7in T\u0131klay\u0131n&#8221; color=&#8221;warning&#8221; size=&#8221;lg&#8221; align=&#8221;right&#8221; i_align=&#8221;right&#8221; i_icon_fontawesome=&#8221;fas fa-angle-double-right&#8221; css=&#8221;&#8221; button_block=&#8221;true&#8221; add_icon=&#8221;true&#8221; link=&#8221;url:https%3A%2F%2Fwww.ayazcarpark.com%2Ftr|title:ercan%20havaliman%C4%B1%20otopark&#8221;][\/vc_column][\/vc_row]<\/p>\n<\/div>","protected":false},"excerpt":{"rendered":"<p>[vc_row type=&#8221;container&#8221; padding_top=&#8221;&#8221; padding_bottom=&#8221;&#8221;][vc_column][vc_custom_heading text=&#8221;Havaliman\u0131 D\u0131\u015f\u0131 \u00d6zel Otopark \u00dccretleri&#8221; use_theme_fonts=&#8221;yes&#8221;][vc_column_text css=&#8221;.vc_custom_1708073117746{margin-bottom: 25px !important;}&#8221;]Ercan havaliman\u0131 otopark \u00fccretlerimiz olduk\u00e7a ekonomiktir ve amac\u0131m\u0131z ekonomik fiyatlarla park etmenizi kolayla\u015ft\u0131rmakt\u0131r. A\u00e7\u0131k hava alan\u0131 ve ara\u00e7 \u00f6rt\u00fcs\u00fc se\u00e7eneklerimizden, k\u0131sa veya uzun s\u00fcreli otopark ihtiyac\u0131n\u0131zda veya park edip h\u0131zl\u0131 shuttle hizmetimiz ile havaliman\u0131na transfer yap\u0131yoruz.[\/vc_column_text][vc_cta h2=&#8221;&#8221; txt_align=&#8221;center&#8221; style=&#8221;custom&#8221; custom_background=&#8221;#dd3333&#8243; custom_text=&#8221;#ffffff&#8221;] Havaliman\u0131ndaki \u00f6deyece\u011finiz [&hellip;]<\/p>\n","protected":false},"author":1,"featured_media":72095,"parent":0,"menu_order":0,"comment_status":"closed","ping_status":"open","template":"page-full-width.php","meta":{"_acf_changed":false,"footnotes":""},"class_list":["post-72219","page","type-page","status-publish","has-post-thumbnail","hentry"],"acf":[],"_links":{"self":[{"href":"https:\/\/www.ayazcarpark.com\/tr\/wp-json\/wp\/v2\/pages\/72219","targetHints":{"allow":["GET"]}}],"collection":[{"href":"https:\/\/www.ayazcarpark.com\/tr\/wp-json\/wp\/v2\/pages"}],"about":[{"href":"https:\/\/www.ayazcarpark.com\/tr\/wp-json\/wp\/v2\/types\/page"}],"author":[{"embeddable":true,"href":"https:\/\/www.ayazcarpark.com\/tr\/wp-json\/wp\/v2\/users\/1"}],"replies":[{"embeddable":true,"href":"https:\/\/www.ayazcarpark.com\/tr\/wp-json\/wp\/v2\/comments?post=72219"}],"version-history":[{"count":2,"href":"https:\/\/www.ayazcarpark.com\/tr\/wp-json\/wp\/v2\/pages\/72219\/revisions"}],"predecessor-version":[{"id":72581,"href":"https:\/\/www.ayazcarpark.com\/tr\/wp-json\/wp\/v2\/pages\/72219\/revisions\/72581"}],"wp:featuredmedia":[{"embeddable":true,"href":"https:\/\/www.ayazcarpark.com\/tr\/wp-json\/wp\/v2\/media\/72095"}],"wp:attachment":[{"href":"https:\/\/www.ayazcarpark.com\/tr\/wp-json\/wp\/v2\/media?parent=72219"}],"curies":[{"name":"wp","href":"https:\/\/api.w.org\/{rel}","templated":true}]}}