{"id":72348,"date":"2019-11-21T12:03:42","date_gmt":"2019-11-21T10:03:42","guid":{"rendered":"https:\/\/www.ercanairportparking.com\/?page_id=72348"},"modified":"2025-03-03T07:39:25","modified_gmt":"2025-03-03T05:39:25","slug":"sikca-sorulan-sorular","status":"publish","type":"page","link":"https:\/\/www.ayazcarpark.com\/tr\/sikca-sorulan-sorular","title":{"rendered":"S\u0131k\u00e7a Sorulan Sorular"},"content":{"rendered":"<div class=\"wpb-content-wrapper\"><p>[vc_row type=&#8221;container&#8221; padding_top=&#8221;&#8221; padding_bottom=&#8221;&#8221;][vc_column width=&#8221;1\/2&#8243;][vc_column_text css=&#8221;&#8221;]<\/p>\n<h2>Otopark Hizmeti Sorular\u0131<\/h2>\n<p><strong>Rezervasyon gerekli midir ?<\/strong><br \/>\n<span role=\"tabpanel\">Evet, otopark\u0131m\u0131z sadece rezervasyon ile \u00e7al\u0131\u015fmaktad\u0131r. Rezervasyonsuz gelen misafirlerimize s\u0131n\u0131rl\u0131 say\u0131da alan\u0131m\u0131z ve \u00f6nceden ayarlanm\u0131\u015f shuttle \u015f\u00f6f\u00f6r\u00fc gerekti\u011finden dolay\u0131 hizmet veremiyoruz.<\/span><\/p>\n<p><span role=\"tablist\"><strong>Otopark\u0131n\u0131z\u0131n \u00e7al\u0131\u015fma saatleri nedir?<\/strong><br \/>\n<span role=\"tabpanel\">Otopark\u0131m\u0131za 7\/24 giri\u015f ve \u00e7\u0131k\u0131\u015f yap\u0131labilir. Ancak \u00f6zel transfer \u015f\u00f6f\u00f6r\u00fcm\u00fcz sabah 6:30 ile ak\u015fam 22:00 saatleri aras\u0131nda \u00e7al\u0131\u015fmaktad\u0131r. 10dk&#8217;l\u0131k s\u00fcr\u00fc\u015f mesafesinde olan otopark\u0131m\u0131za ula\u015f\u0131m i\u00e7in mutlaka shuttle gereklidir.<\/span><\/span><\/p>\n<p><strong>Ercan havaliman\u0131na ne kadar uzakl\u0131ktas\u0131n\u0131z?<\/strong><br \/>\n<span role=\"tabpanel\">Havaliman\u0131 terminal binas\u0131na 10 dakikal\u0131k s\u00fcr\u00fc\u015f mesafesindeyiz. Y\u00fcr\u00fcyerek havaliman\u0131na gidilmesi m\u00fcmk\u00fcn de\u011fildir.<\/span><\/p>\n<p><strong>Uzun s\u00fcreli park i\u00e7in ekonomik uygun fiyat veriyormusunuz?<\/strong><br \/>\n<span role=\"tabpanel\">Evet otopark\u0131m\u0131zda uzun s\u00fcreli park i\u00e7in ekonomik uygun fiyatlar vermekteyiz, websitemiz haftal\u0131k, ayl\u0131k olarak otomatik olarak hesaplama yap\u0131p an\u0131nda fiyat vermektedir.\u00a0<\/span><\/p>\n<p><strong>K\u0131sa s\u00fcreli park yap\u0131labilir mi?<\/strong><br \/>\n<span role=\"tabpanel\">K\u0131sa s\u00fcreli park ihtiyac\u0131n\u0131zda \u00f6rne\u011fin 3 g\u00fcne kadar olan yurt d\u0131\u015f\u0131 seyahatinizde minimum s\u00fcreli \u00fccret tarifesi ve ek olarak shuttle \u00fccretimiz oldu\u011fundan k\u0131sa s\u00fcreli otopark ihtiyac\u0131n\u0131zda uygun fiyatl\u0131 bir tercih olmayabilir.<\/span><\/p>\n<p><strong>Seyahat s\u00fcrem de\u011fi\u015firse park yeri rezervasyonumu da de\u011fi\u015febilir miyim?<\/strong><br \/>\n<span role=\"tabpanel\">Tabiki, seyahat planlar\u0131 her zaman de\u011fi\u015febilir. Bu nedenle park yerimiz planlar\u0131n\u0131zda de\u011fi\u015fiklik veya s\u00fcre uzatmas\u0131 oldu\u011funda mutlaka \u00f6nceden bildirilmesi halinde yeniden tarihlerinizde d\u00fczenleme yap\u0131l<\/span><span role=\"tabpanel\">maktad\u0131r.<\/span><\/p>\n<p><strong>\u00dccretleriniz neden Euro olarak veriliyor?<\/strong><br \/>\nEkonomik \u015fartlarda fiyat vermeye \u00e7al\u0131\u015f\u0131yoruz ve ileriye d\u00f6n\u00fck rezervasyonlar al\u0131yoruz \u00f6rne\u011fin 1 sene sonras\u0131na bu nedenle h\u0131zl\u0131 de\u011fi\u015fen gelir ve gider masraflar\u0131n\u0131 an\u0131nda \u00fccretlerimize yans\u0131tam\u0131yoruz. Euro fiyat vermek anl\u0131k ve uzun vade de\u011fi\u015fimlerine g\u00f6re daha kal\u0131c\u0131 bir \u00fccretlendirme tarifesi sa\u011flamaktad\u0131r.<\/p>\n<p><strong>Otoparkta \u00f6deme yapabilir miyim?<\/strong><br \/>\n<span role=\"tabpanel\">Maalesef, sadece \u00f6n \u00f6demeli rezervasyon kabul ediyoruz. Sebebi ise size \u00f6zel shuttle \u015f\u00f6f\u00f6r\u00fcn\u00fc \u00f6nceden park yerimizde haz\u0131r bekletmemizden dolay\u0131d\u0131r.<\/span><\/p>\n<p><strong>Shuttle hizmeti \u00fccretlimidir?<\/strong><br \/>\n<span role=\"tabpanel\">Evet, sistemimiz hesaplama yaparken toplam \u00fccrete otomatik olarak \u00e7ift y\u00f6n shuttle \u00fccreti de eklemektedir.<\/span><\/p>\n<p><strong>Rezervasyon zaman\u0131ndan daha erken veya ge\u00e7 gelirsem ne olur?<\/strong><br \/>\nPani\u011fe gerek yok! Beklenenden daha erken gelmeniz durumunda otopark\u0131m\u0131z sizi a\u011f\u0131rlamaya haz\u0131rd\u0131r ancak bizi \u00f6nceden bilgilendirmeniz gerekmektedir. Ge\u00e7 d\u00f6nmeniz durumunda, otoparkta ge\u00e7irece\u011finiz ilave s\u00fcreye g\u00f6re \u00f6denecek olan ekstra park \u00fccretine tabi olacaks\u0131n\u0131z.[\/vc_column_text][\/vc_column][vc_column width=&#8221;1\/2&#8243;][vc_column_text css=&#8221;&#8221;]<\/p>\n<h2>Rezervasyon Sorular\u0131<\/h2>\n<p><strong>Rezervasyon yapmak i\u00e7in hangi bilgilere ihtiyac\u0131n\u0131z var?<\/strong><br \/>\nAra\u00e7 giri\u015f ve \u00e7\u0131k\u0131\u015f tarih ve saatleriniz, ara\u00e7 bilgileri, u\u00e7u\u015f bilgileriniz ve ileti\u015fim bilgileriniz.<\/p>\n<p><strong>\u00d6nceden rezervasyon yapt\u0131rmam gerekiyor mu, yoksa do\u011frudan otoparka gidebilir miyim?<\/strong><br \/>\nHer zaman \u00f6nceden rezervasyon yapman\u0131z gerekir, sizin i\u00e7in yer oldu\u011fundan emin olmak istiyoruz! Web sitemizden talep formunu doldurman\u0131z yeterlidir, h\u0131zl\u0131ca geri d\u00f6n\u00fc\u015f yap\u0131yoruz.<\/p>\n<p><strong>\u00d6demeyi nas\u0131l yapabilirim?<\/strong><br \/>\nRezervasyon talebiniz sonras\u0131nda konfirmeden \u00f6nce \u015firket hesap (IBAN) bilgilerimizi g\u00f6nderiyoruz. \u00dccreti yat\u0131rd\u0131ktan sonra konfirme mesaj\u0131n\u0131z\u0131 at\u0131yoruz.<\/p>\n<p><strong>Arac\u0131m\u0131n anahtar\u0131n\u0131 b\u0131rakmam gerekiyor mu??<\/strong><br \/>\nE\u011fer otopark\u0131m\u0131za kendiniz park eder ve kimseyi bloke etmeyecek \u015fekildeyse anahtarlar\u0131n\u0131z\u0131 yan\u0131n\u0131za alabilirsiniz.<\/p>\n<p><strong>Telefonla rezervasyon yapabilir miyim?<\/strong><br \/>\nTelefonla rezervasyon alm\u0131yoruz ve fiyat veremiyoruz. T\u00fcm talepler online olarak websitemiz \u00fczerinden bize ula\u015f\u0131r. Bu sistem ayn\u0131 zamanda rezervasyon bilgilerinizin yaz\u0131l\u0131 ve kay\u0131tl\u0131 bir \u015fekilde kalmas\u0131n\u0131 ayn\u0131 zamanda aksakl\u0131k ya\u015fanmamas\u0131n\u0131 sa\u011flar.<\/p>\n<p><strong>Ara\u00e7 b\u0131rakma ve teslim alma i\u00e7in hangi saatleri vermeliyim?<\/strong><br \/>\nKendinize her zaman bolca zaman ay\u0131r\u0131n! U\u00e7u\u015f saatinizden \u00f6nce en az 2 saat \u00f6ncesinden otopark\u0131m\u0131za gelmelisiniz.<br \/>\nGeri d\u00f6nd\u00fc\u011f\u00fcn\u00fczde pasaport kontrol\u00fc ve bagaj teslim s\u00fcresini de hesaba katarak u\u00e7ak ini\u015f saatinizden yakla\u015f\u0131k yar\u0131m saat sonras\u0131n\u0131 belirtmenizi \u00f6neririz.<\/p>\n<p><strong>Rezervasyon onay\u0131m\u0131 ne zaman al\u0131r\u0131m?<\/strong><br \/>\nRezervasyon konfirmesi 1 i\u015f g\u00fcn\u00fc i\u00e7inde al\u0131rs\u0131n\u0131z. Talep a\u015famas\u0131nda e-posta adresinize talep bilgileriniz websitemizden otomatik olarak g\u00f6nderilir. Whatsapp \u00fczerinden de konfirme mesaj\u0131 at\u0131l\u0131r. E\u011fer mesaj almazsan\u0131z konfirmeniz i\u00e7in bize ula\u015fman\u0131z gerekir.<\/p>\n<p><strong>Rezervasyonumu iptal etmem gerekirse iade alabilir miyim?<\/strong><br \/>\nErcan havaliman\u0131 otopark\u0131m\u0131zda seyahat planlar\u0131n\u0131z\u0131n de\u011fi\u015fmesi durumunda de\u011fi\u015fiklik yapma veya iptal etme hakk\u0131na sahipsiniz. % 100 geri \u00f6deme mevcuttur. Geri \u00f6deme alabilmek i\u00e7in en az 1 g\u00fcn \u00f6ncesinden bize iptalinizi bildirip onay almal\u0131s\u0131n\u0131z.<\/p>\n<p><strong>\u00c7al\u0131\u015fma saatleriniz nedir?<\/strong><br \/>\nOtopark\u0131m\u0131z rezervasyonla \u00e7al\u0131\u015fmaktad\u0131r. 7 G\u00fcn \/ 24 saat a\u00e7\u0131kt\u0131r.<br \/>\nRezervasyon g\u00f6revlisi ve shuttle \u015f\u00f6f\u00f6r\u00fcm\u00fcz\u00fcn \u00e7al\u0131\u015fma saatleri; Haftan\u0131n 7 g\u00fcn\u00fc 06:30 &#8211; 22:00 aras\u0131 \u00e7al\u0131\u015fmaktad\u0131r.<\/p>\n<p><strong>Otopark \u00fccreti i\u00e7in fatura alabilir miyim?<\/strong><br \/>\n<span role=\"tabpanel\">Tabiki, firmam\u0131z KKTC&#8217;de kay\u0131tl\u0131 resmi \u015firkettir. \u00d6deme faturan\u0131z\u0131 otopark\u0131m\u0131zda haz\u0131rlay\u0131p veriyoruz.<\/span><\/p>\n<p><strong>Havaliman\u0131 d\u0131\u015f\u0131 otopark ne demektir?<\/strong><br \/>\nHavaliman\u0131 terminal d\u0131\u015f\u0131ndaki bir ara\u00e7 park alan\u0131 demektir. Genellikle havaalan\u0131 terminallerine yak\u0131n konumda ve daha uygun fiyatl\u0131 olur ayr\u0131ca gidi\u015f-d\u00f6n\u00fc\u015f i\u00e7in shuttle transfer gerektirir.[\/vc_column_text][\/vc_column][\/vc_row][vc_row type=&#8221;container&#8221; padding_top=&#8221;&#8221; padding_bottom=&#8221;&#8221;][vc_column][vc_btn title=&#8221;Otopark Konumu &amp; Resimleri&#8221; color=&#8221;info&#8221; size=&#8221;lg&#8221; align=&#8221;right&#8221; i_align=&#8221;right&#8221; i_icon_fontawesome=&#8221;fas fa-angle-double-right&#8221; button_block=&#8221;true&#8221; add_icon=&#8221;true&#8221; link=&#8221;url:https%3A%2F%2Fwww.ayazcarpark.com%2Ftr%2Fotopark-konumu-resimleri|title:Otopark%20Konumu%20%26%20Resimleri&#8221;][vc_btn title=&#8221;Otopark \u00dccretlerimiz&#8221; color=&#8221;violet&#8221; size=&#8221;lg&#8221; align=&#8221;right&#8221; i_align=&#8221;right&#8221; i_icon_fontawesome=&#8221;fas fa-angle-double-right&#8221; button_block=&#8221;true&#8221; add_icon=&#8221;true&#8221; link=&#8221;url:https%3A%2F%2Fwww.ayazcarpark.com%2Ftr%2Fotopark-ucretlerimiz|title:Otopark%20%C3%9Ccretlerimiz&#8221;][\/vc_column][\/vc_row]<\/p>\n<\/div>","protected":false},"excerpt":{"rendered":"<p>[vc_row type=&#8221;container&#8221; padding_top=&#8221;&#8221; padding_bottom=&#8221;&#8221;][vc_column width=&#8221;1\/2&#8243;][vc_column_text css=&#8221;&#8221;] Otopark Hizmeti Sorular\u0131 Rezervasyon gerekli midir ? Evet, otopark\u0131m\u0131z sadece rezervasyon ile \u00e7al\u0131\u015fmaktad\u0131r. Rezervasyonsuz gelen misafirlerimize s\u0131n\u0131rl\u0131 say\u0131da alan\u0131m\u0131z ve \u00f6nceden ayarlanm\u0131\u015f shuttle \u015f\u00f6f\u00f6r\u00fc gerekti\u011finden dolay\u0131 hizmet veremiyoruz. Otopark\u0131n\u0131z\u0131n \u00e7al\u0131\u015fma saatleri nedir? Otopark\u0131m\u0131za 7\/24 giri\u015f ve \u00e7\u0131k\u0131\u015f yap\u0131labilir. Ancak \u00f6zel transfer \u015f\u00f6f\u00f6r\u00fcm\u00fcz sabah 6:30 ile ak\u015fam 22:00 saatleri aras\u0131nda [&hellip;]<\/p>\n","protected":false},"author":1,"featured_media":72058,"parent":0,"menu_order":0,"comment_status":"closed","ping_status":"closed","template":"page-right-sidebar.php","meta":{"_acf_changed":false,"footnotes":""},"class_list":["post-72348","page","type-page","status-publish","has-post-thumbnail","hentry"],"acf":[],"_links":{"self":[{"href":"https:\/\/www.ayazcarpark.com\/tr\/wp-json\/wp\/v2\/pages\/72348","targetHints":{"allow":["GET"]}}],"collection":[{"href":"https:\/\/www.ayazcarpark.com\/tr\/wp-json\/wp\/v2\/pages"}],"about":[{"href":"https:\/\/www.ayazcarpark.com\/tr\/wp-json\/wp\/v2\/types\/page"}],"author":[{"embeddable":true,"href":"https:\/\/www.ayazcarpark.com\/tr\/wp-json\/wp\/v2\/users\/1"}],"replies":[{"embeddable":true,"href":"https:\/\/www.ayazcarpark.com\/tr\/wp-json\/wp\/v2\/comments?post=72348"}],"version-history":[{"count":3,"href":"https:\/\/www.ayazcarpark.com\/tr\/wp-json\/wp\/v2\/pages\/72348\/revisions"}],"predecessor-version":[{"id":72644,"href":"https:\/\/www.ayazcarpark.com\/tr\/wp-json\/wp\/v2\/pages\/72348\/revisions\/72644"}],"wp:featuredmedia":[{"embeddable":true,"href":"https:\/\/www.ayazcarpark.com\/tr\/wp-json\/wp\/v2\/media\/72058"}],"wp:attachment":[{"href":"https:\/\/www.ayazcarpark.com\/tr\/wp-json\/wp\/v2\/media?parent=72348"}],"curies":[{"name":"wp","href":"https:\/\/api.w.org\/{rel}","templated":true}]}}